{"id":3958,"date":"2019-02-28T00:52:39","date_gmt":"2019-02-27T17:52:39","guid":{"rendered":"https:\/\/wincolaw.com.vn\/dich-vu\/sang-che-giai-phap-huu-ich"},"modified":"2019-12-02T11:31:23","modified_gmt":"2019-12-02T04:31:23","slug":"sang-che-giai-phap-huu-ich","status":"publish","type":"page","link":"https:\/\/wincolaw.com.vn\/vi\/dich-vu\/tu-van-so-huu-tri-tue\/sang-che-giai-phap-huu-ich","title":{"rendered":"S\u00e1ng ch\u1ebf\/Gi\u1ea3i ph\u00e1p h\u1eefu \u00edch"},"content":{"rendered":"<p>[vc_row][vc_column][vc_column_text]<\/p>\n<p><strong>Nh\u00e2n l\u1ef1c<\/strong><\/p>\n<p>V\u1edbi \u0111\u1ed9i ng\u0169 lu\u1eadt s\u01b0 s\u00e1ng ch\u1ebf l\u00e0 nh\u1eefng k\u1ef9 s\u01b0 t\u1ed1t nghi\u1ec7p t\u1eeb nh\u1eefng ngh\u00e0nh k\u1ef9 thu\u1eadt kh\u00e1c nhau nh\u01b0 c\u01a1 kh\u00ed, \u0111i\u1ec7n, \u0111i\u1ec7n t\u1eed, x\u00e2y d\u1ef1ng, h\u00f3a, d\u01b0\u1ee3c, sinh h\u1ecdc, v\u00e0 c\u00f3 kinh nghi\u1ec7m l\u00e0m vi\u1ec7c nhi\u1ec1u n\u0103m trong l\u0129nh v\u1ef1c s\u1edf h\u1eefu tr\u00ed tu\u1ec7, ch\u00fang t\u00f4i h\u1ed7 tr\u1ee3 cho kh\u00e1ch h\u00e0ng t\u1eeb qu\u00e1 tr\u00ecnh so\u1ea1n th\u1ea3o b\u1ea3n m\u00f4 t\u1ea3, n\u1ed9p \u0111\u01a1n, c\u1ea5p b\u1eb1ng, duy tr\u00ec hi\u1ec7u l\u1ef1c, \u0111\u1ebfn th\u1ef1c thi quy\u1ec1n. Vi\u1ec7c \u0111\u0103ng k\u00fd c\u1ee7a kh\u00e1ch h\u00e0ng s\u1ebd tr\u1edf n\u00ean \u0111\u01a1n gi\u1ea3n v\u1edbi m\u1ee9c chi ph\u00ed th\u1ea5p nh\u1ea5t.<\/p>\n<p><strong>D\u1ecbch v\u1ee5<\/strong><\/p>\n<ul>\n<li>\u0110\u0103ng k\u00fd S\u00e1ng ch\u1ebf (bao g\u1ed3m vi\u1ec7c so\u1ea1n, d\u1ecbch v\u00e0 n\u1ed9p \u0111\u01a1n \u0111\u1ec1 ngh\u1ecb \u0111\u0103ng k\u00fd s\u00e1ng ch\u1ebf v\u00e0 gi\u1ea3i ph\u00e1p h\u1eefu \u00edch, \u0111\u1ed3ng th\u1eddi t\u01b0 v\u1ea5n kh\u00e1ch h\u00e0ng v\u1ec1 kh\u1ea3 n\u0103ng \u0111\u0103ng k\u00fd v\u00e0 b\u1ea3o h\u1ed9 s\u00e1ng ch\u1ebf);<\/li>\n<li>X\u00e2y d\u1ef1ng chi\u1ebfn l\u01b0\u1ee3c b\u1ea3o h\u1ed9 (g\u1ed3m vi\u1ec7c t\u01b0 v\u1ea5n v\u00e0 h\u1ed7 tr\u1ee3 thi\u1ebft l\u1eadp c\u00e1c ch\u01b0\u01a1ng tr\u00ecnh\/chi\u1ebfn l\u01b0\u1ee3c b\u1ea3o h\u1ed9 s\u00e1ng ch\u1ebf);<\/li>\n<li>Lix\u0103ng s\u00e1ng ch\u1ebf (bao g\u1ed3m c\u1ea5p lix\u0103ng s\u00e1ng ch\u1ebf v\u00e0 cross-licensing work);<\/li>\n<li>Th\u1ef1c thi quy\u1ec1n v\u00e0 gi\u1ea3i quy\u1ebft tranh ch\u1ea5p li\u00ean quan t\u1edbi s\u00e1ng ch\u1ebf (g\u1ed3m vi ph\u1ea1m s\u00e1ng ch\u1ebf, ph\u1ea3n \u0111\u1ed1i vi\u1ec7c c\u1ea5p b\u1eb1ng \u0111\u1ed9c quy\u1ec1n s\u00e1ng ch\u1ebf, kh\u1edfi ki\u1ec7n li\u00ean quan t\u1edbi tranh ch\u1ea5p \u0111\u1ed9c quy\u1ec1n s\u00e1ng ch\u1ebf, v\u00e0 c\u00e1c gi\u1ea3i ph\u00e1p gi\u1ea3i quy\u1ebft tranh ch\u1ea5p s\u00e1ng ch\u1ebf kh\u00e1c).<\/li>\n<\/ul>\n<p>D\u01b0\u1edbi \u0111\u00e2y l\u00e0 c\u00e1c l\u0129nh v\u1ef1c th\u1ebf m\u1ea1nh c\u1ee7a ch\u00fang t\u00f4i:<\/p>\n<p><strong>\u0110I\u1ec6N T\u1eec VI\u1ec4N TH\u00d4NG, V\u00c0 \u0110I\u1ec6N<\/strong><\/p>\n<p>C\u00e1c chuy\u00ean vi\u00ean x\u1eed l\u00fd \u0111\u01a1n s\u00e1ng ch\u1ebf li\u00ean quan \u0111\u1ebfn l\u00ecnh v\u1ef1c \u0111i\u1ec7n v\u00e0 \u0111i\u1ec7n t\u1eed \u0111\u1ec1u t\u1ed1t nghi\u1ec7p \u0111\u1ea1i h\u1ecdc chuy\u00ean ng\u00e0nh, nhi\u1ec1u ng\u01b0\u1eddi c\u00f3 b\u1eb1ng th\u1ea1c s\u0129 v\u00e0 h\u1ea7u h\u1ebft \u0111\u1ec1u c\u00f3 kinh nghi\u1ec7m l\u00e0m vi\u1ec7c th\u1ef1c t\u1ebf trong l\u0129nh v\u1ef1c tr\u01b0\u1edbc khi chuy\u1ec3n sang l\u00e0m trong l\u0129nh v\u1ef1c s\u00e1ng ch\u1ebf.<\/p>\n<p><strong>C\u01a0 KH\u00cd<\/strong><\/p>\n<p>S\u00e1ng ch\u1ebf ch\u00fang t\u00f4i x\u1eed l\u00fd r\u1ea5t \u0111a d\u1ea1ng, t\u1eeb nh\u1eefng chi ti\u1ebft \u0111\u01a1n gi\u1ea3n \u0111\u1ebfn nh\u1eefng h\u1ec7 th\u1ed1ng c\u01a1-\u0111i\u1ec7n t\u1eed ph\u1ee9c t\u1ea1p. V\u1edbi kinh nghi\u1ec7m d\u00e0y d\u1eb7n trong l\u0129nh v\u1ef1c, c\u00e1c k\u1ef9 s\u01b0 v\u00e0 chuy\u00ean gia c\u1ee7a ch\u00fang t\u00f4i s\u1eb5n s\u00e0ng h\u1ed7 tr\u1ee3 kh\u00e1ch h\u00e0ng<\/p>\n<p><strong>H\u00d3A H\u1eccC<\/strong><\/p>\n<p>\u0110\u01a1n s\u00e1ng ch\u1ebf li\u00ean quan \u0111\u1ebfn l\u0129nh v\u1ef1c h\u00f3a h\u1ecdc \u0111\u1ec1u \u0111\u01b0\u1ee3c x\u1eed l\u00fd v\u1edbi c\u00e1c chuy\u00ean vi\u00ean v\u00e0 k\u1ef9 s\u01b0 c\u00f3 kinh nghi\u1ec7m l\u00e0m vi\u1ec7c l\u00e2u n\u0103m v\u00e0 t\u1ed1t nghi\u1ec7p t\u1eeb c\u00e1c chuy\u00ean ng\u00e0nh nh\u01b0 h\u00f3a d\u01b0\u1ee3c, h\u00f3a d\u1ea7u, h\u00f3a c\u00f4ng, luy\u1ec7n kim. S\u00e1ng ch\u1ebf trong l\u0129nh v\u1ef1c n\u00e0y r\u1ea5t r\u1ed9ng, t\u1eeb c\u00e1c thi\u1ebft b\u1ecb, \u0111\u1ebfn c\u00e1c quy tr\u00ecnh s\u1ea3n xu\u1ea5t, ph\u01b0\u01a1ng ph\u00e1p \u0111i\u1ec1u ch\u1ebf, c\u00e1c h\u1ee3p ch\u1ea5t h\u00f3a h\u1ecdc, ho\u1eb7c v\u1eadt li\u1ec7u h\u00f3a h\u1ecdc.<\/p>\n<p><strong>C\u00d4NG NGH\u1ec6 SINH H\u1eccC<\/strong><\/p>\n<p>C\u00f4ng ngh\u1ec7 sinh h\u1ecdc hi\u1ec7n nay \u0111ang c\u00f3 nh\u1eefng b\u01b0\u1edbc ph\u00e1t tri\u1ec3n r\u1ea5t l\u1edbn v\u00e0 thay \u0111\u1ed5i kh\u00f4ng ng\u1eebng, do \u0111\u00f3 vi\u1ec7c b\u1ea3o h\u1ed9 c\u00e1c s\u00e1ng ch\u1ebf li\u00ean quan \u0111\u1ebfn l\u0129nh v\u1ef1c n\u00e0y l\u00e0 m\u1ed9t th\u00e1ch th\u1ee9c kh\u00f4ng nh\u1ecf \u0111\u1ed1i v\u1edbi b\u1ea3n th\u00e2n c\u00e1c th\u1ea9m \u0111\u1ecbnh vi\u00ean trong C\u1ee5c S\u1edf h\u1eefu Tr\u00ed tu\u1ec7 c\u0169ng nh\u01b0 v\u1edbi ch\u00ednh ng\u01b0\u1eddi n\u1ed9p \u0111\u01a1n. V\u1edbi m\u1ed1i quan h\u1ec7 t\u1ed1t v\u1edbi c\u00e1c th\u1ea9m \u0111\u1ecbnh vi\u00ean, ch\u00fang t\u00f4i kh\u00f4ng nh\u1eefng gi\u00fap cho \u0111\u01a1n s\u00e1ng ch\u1ebf c\u00f3 \u0111\u01b0\u1ee3c ph\u1ea1m vi b\u1ea3o h\u1ed9 r\u1ed9ng nh\u1ea5t m\u00e0 c\u00f2n h\u1ed7 tr\u1ee3 th\u1ea9m \u0111\u1ecbnh vi\u00ean ra \u0111\u01b0\u1ee3c k\u1ebft qu\u1ea3 th\u1ea9m \u0111\u1ecbnh cu\u1ed1i c\u00f9ng trong th\u1eddi gian s\u1edbm nh\u1ea5t.<\/p>\n<p>[\/vc_column_text][\/vc_column][\/vc_row]<\/p>\n","protected":false},"excerpt":{"rendered":"<p>[vc_row][vc_column][vc_column_text] Nh\u00e2n l\u1ef1c V\u1edbi \u0111\u1ed9i ng\u0169 lu\u1eadt s\u01b0 s\u00e1ng ch\u1ebf l\u00e0 nh\u1eefng k\u1ef9 s\u01b0 t\u1ed1t nghi\u1ec7p t\u1eeb nh\u1eefng ngh\u00e0nh k\u1ef9 thu\u1eadt kh\u00e1c nhau nh\u01b0 c\u01a1 kh\u00ed, \u0111i\u1ec7n, \u0111i\u1ec7n t\u1eed, x\u00e2y d\u1ef1ng, h\u00f3a, d\u01b0\u1ee3c, sinh h\u1ecdc, v\u00e0 c\u00f3 kinh nghi\u1ec7m l\u00e0m vi\u1ec7c nhi\u1ec1u n\u0103m trong l\u0129nh v\u1ef1c s\u1edf h\u1eefu tr\u00ed tu\u1ec7, ch\u00fang t\u00f4i h\u1ed7 tr\u1ee3 cho [&hellip;]<\/p>\n","protected":false},"author":1,"featured_media":4851,"parent":3955,"menu_order":14,"comment_status":"closed","ping_status":"closed","template":"templates\/2-colums.php","meta":{"footnotes":"","_links_to":"","_links_to_target":""},"yst_prominent_words":[117,109,111,106,103,115,119,120,110,118,107,121,112,113,122,116,108,104,114,105],"class_list":["post-3958","page","type-page","status-publish","has-post-thumbnail","hentry"],"_links":{"self":[{"href":"https:\/\/wincolaw.com.vn\/vi\/wp-json\/wp\/v2\/pages\/3958","targetHints":{"allow":["GET"]}}],"collection":[{"href":"https:\/\/wincolaw.com.vn\/vi\/wp-json\/wp\/v2\/pages"}],"about":[{"href":"https:\/\/wincolaw.com.vn\/vi\/wp-json\/wp\/v2\/types\/page"}],"author":[{"embeddable":true,"href":"https:\/\/wincolaw.com.vn\/vi\/wp-json\/wp\/v2\/users\/1"}],"replies":[{"embeddable":true,"href":"https:\/\/wincolaw.com.vn\/vi\/wp-json\/wp\/v2\/comments?post=3958"}],"version-history":[{"count":5,"href":"https:\/\/wincolaw.com.vn\/vi\/wp-json\/wp\/v2\/pages\/3958\/revisions"}],"predecessor-version":[{"id":4946,"href":"https:\/\/wincolaw.com.vn\/vi\/wp-json\/wp\/v2\/pages\/3958\/revisions\/4946"}],"up":[{"embeddable":true,"href":"https:\/\/wincolaw.com.vn\/vi\/wp-json\/wp\/v2\/pages\/3955"}],"wp:featuredmedia":[{"embeddable":true,"href":"https:\/\/wincolaw.com.vn\/vi\/wp-json\/wp\/v2\/media\/4851"}],"wp:attachment":[{"href":"https:\/\/wincolaw.com.vn\/vi\/wp-json\/wp\/v2\/media?parent=3958"}],"wp:term":[{"taxonomy":"yst_prominent_words","embeddable":true,"href":"https:\/\/wincolaw.com.vn\/vi\/wp-json\/wp\/v2\/yst_prominent_words?post=3958"}],"curies":[{"name":"wp","href":"https:\/\/api.w.org\/{rel}","templated":true}]}}