{"id":4364,"date":"2019-04-17T10:01:00","date_gmt":"2019-04-17T03:01:00","guid":{"rendered":"https:\/\/wincolaw.com.vn\/gioi-thieu\/gioi-thieu"},"modified":"2025-12-18T10:32:37","modified_gmt":"2025-12-18T03:32:37","slug":"gioi-thieu-chung","status":"publish","type":"page","link":"https:\/\/wincolaw.com.vn\/vi\/gioi-thieu\/gioi-thieu-chung","title":{"rendered":"Gi\u1edbi thi\u1ec7u chung"},"content":{"rendered":"<p align=\"justify\"><span style=\"font-family: arial,helvetica,sans-serif;\">C\u00f4ng ty Lu\u1eadt WINCO \u0111\u01b0\u1ee3c th\u00e0nh l\u1eadp theo Lu\u1eadt ph\u00e1p Vi\u1ec7t Nam, ho\u1ea1t \u0111\u1ed9ng theo Gi\u1ea5y ph\u00e9p s\u1ed1 01020509\/TP\/\u0110KH\u0110 do S\u1edf T\u01b0 Ph\u00e1p th\u00e0nh ph\u1ed1 H\u00e0 N\u1ed9i c\u1ea5p, Gi\u1ea5y ph\u00e9p h\u00e0nh ngh\u1ec1 s\u1ed1 222\/Q\u0110-PCQL c\u1ee7a C\u1ee5c tr\u01b0\u1edfng C\u1ee5c S\u1edf h\u1eefu C\u00f4ng nghi\u1ec7p (nay l\u00e0 C\u1ee5c S\u1edf h\u1eefu Tr\u00ed tu\u1ec7) &#8211; B\u1ed9 Khoa H\u1ecdc v\u00e0 C\u00f4ng Ngh\u1ec7 v\u00e0 s\u1ed1 1322\/TP\/LS-CCHN c\u1ee7a B\u1ed9 tr\u01b0\u1edfng B\u1ed9 T\u01b0 ph\u00e1p. WINCO l\u00e0 th\u00e0nh vi\u00ean c\u1ee7a c\u00e1c Hi\u1ec7p h\u1ed9i, T\u1ed5 ch\u1ee9c trong n\u01b0\u1edbc v\u00e0 Qu\u1ed1c t\u1ebf nh\u01b0: H\u1ed9i S\u1edf h\u1eefu Tr\u00ed tu\u1ec7 Vi\u1ec7t Nam (VIPA ), H\u1ed9i lu\u1eadt gia Vi\u1ec7t Nam (VAL), Hi\u1ec7p h\u1ed9i S\u1edf h\u1eefu Tr\u00ed tu\u1ec7 Ch\u00e2u \u00e1 (ASEAN IPA ), Hi\u1ec7p h\u1ed9i Lu\u1eadt s\u01b0 s\u00e1ng ch\u1ebf Ch\u00e2u \u00e1 (APAA), T\u1ed5 ch\u1ee9c Nh\u00e3n hi\u1ec7u Qu\u1ed1c t\u1ebf (INTA), T\u1ed5 ch\u1ee9c Nh\u00e3n hi\u1ec7u C\u1ed9ng \u0111\u1ed3ng Ch\u00e2u \u00c2u (ECTA), Hi\u1ec7p h\u1ed9i B\u1ea3o h\u1ed9 quy\u1ec1n S\u1edf h\u1eefu Tr\u00ed tu\u1ec7 Qu\u1ed1c t\u1ebf (AIPPI), Hi\u1ec7p h\u1ed9i Lu\u1eadt s\u01b0 Li\u00ean Th\u00e1i B\u00ecnh D\u01b0\u01a1ng (IPBA), Hi\u1ec7p h\u1ed9i Lu\u1eadt s\u01b0 Ch\u00e2u \u00c1 Th\u00e1i B\u00ecnh D\u01b0\u01a1ng (LawAsia), c\u00e1c \u0110o\u00e0n Lu\u1eadt s\u01b0 H\u00e0 N\u1ed9i, TP. H\u1ed3 Ch\u00ed Minh v\u00e0 c\u00e1c t\u1ec9nh th\u00e0nh kh\u00e1c.<\/span><\/p>\n<p align=\"justify\"><span style=\"font-family: arial,helvetica,sans-serif;\">L\u00e0 m\u1ed9t c\u00f4ng ty t\u01b0 v\u1ea5n chuy\u00ean nghi\u1ec7p h\u00e0ng \u0111\u1ea7u t\u1ea1i Vi\u1ec7t nam, WINCO chuy\u00ean cung c\u1ea5p c\u00e1c d\u1ecbch v\u1ee5 t\u01b0 v\u1ea5n trong c\u00e1c l\u0129nh v\u1ef1c: T\u01b0 v\u1ea5n Ph\u00e1p l\u00fd, T\u01b0 v\u1ea5n S\u1edf h\u1eefu Tr\u00ed tu\u1ec7, T\u01b0 v\u1ea5n \u0110\u1ea7u t\u01b0 &amp; Kinh doanh, tranh t\u1ee5ng t\u1ea1i T\u00f2a \u00e1n c\u00e1c l\u0129nh v\u1ef1c: H\u00ecnh s\u1ef1, d\u00e2n\u00a0 s\u1ef1, s\u1edf h\u1eefu tr\u00ed tu\u1ec7, tranh t\u1ee5ng th\u01b0\u01a1ng m\u1ea1i, b\u1ea5t \u0111\u1ed9ng s\u1ea3n, ng\u00e2n h\u00e0ng, thu\u1ebf. WINCO \u0111\u00e3 \u0111\u1ea1i di\u1ec7n cho nhi\u1ec1u kh\u00e1ch h\u00e0ng trong v\u00e0 ngo\u00e0i n\u01b0\u1edbc n\u1ed9p \u0111\u01a1n \u0111\u0103ng k\u00fd b\u1ea3o h\u1ed9 c\u00e1c \u0111\u1ed1i t\u01b0\u1ee3ng s\u1edf h\u1eefu tr\u00ed tu\u1ec7 (nh\u00e3n hi\u1ec7u, Ki\u1ec3u d\u00e1ng C\u00f4ng nghi\u1ec7p, S\u00e1ng ch\u1ebf, B\u1ea3n quy\u1ec1n t\u00e1c gi\u1ea3,&#8230; ) \u1edf trong n\u01b0\u1edbc, c\u00e1c n\u01b0\u1edbc trong khu v\u1ef1c v\u00e0 tr\u00ean th\u1ebf gi\u1edbi, \u0111\u1ed3ng th\u1eddi gi\u1ea3i quy\u1ebft h\u00e0ng tr\u0103m v\u1ee5 khi\u1ebfu n\u1ea1i b\u1ea3o v\u1ec7 quy\u1ec1n l\u1ee3i h\u1ee3p ph\u00e1p c\u1ee7a ch\u1ee7 s\u1edf h\u1eefu c\u00e1c \u0111\u1ed1i t\u01b0\u1ee3ng s\u1edf h\u1eefu tr\u00ed tu\u1ec7 b\u1ecb x\u00e2m ph\u1ea1m v\u00e0 \u0111\u01b0\u1ee3c kh\u00e1ch h\u00e0ng \u0111\u00e1nh gi\u00e1 l\u00e0 m\u1ed9t c\u00f4ng ty lu\u1eadt uy t\u00edn h\u00e0ng \u0111\u1ea7u trong l\u0129nh v\u1ef1c ho\u1ea1t \u0111\u1ed9ng S\u1edf h\u1eefu Tr\u00ed tu\u1ec7.<\/span><\/p>\n<p align=\"justify\"><span style=\"font-family: arial,helvetica,sans-serif;\">V\u1edbi \u0111\u1ed9i ng\u0169 120 c\u00e1n b\u1ed9, nh\u00e2n vi\u00ean trong \u0111\u00f3 c\u00f3 c\u00e1c Gi\u00e1o s\u01b0, Ti\u1ebfn s\u0129, Lu\u1eadt s\u01b0, Th\u1ea1c s\u0129, K\u1ef9 s\u01b0, C\u1eed nh\u00e2n Kinh t\u1ebf, Lu\u1eadt, &#8230; c\u00f3 ki\u1ebfn th\u1ee9c chuy\u00ean m\u00f4n s\u00e2u r\u1ed9ng tr\u00ean nhi\u1ec1u l\u0129nh v\u1ef1c khoa h\u1ecdc c\u00f4ng ngh\u1ec7, lu\u1eadt, th\u00f4ng th\u1ea1o c\u00e1c ngo\u1ea1i ng\u1eef kh\u00e1c nhau, h\u1ea7u h\u1ebft t\u1ed1t nghi\u1ec7p c\u00e1c kh\u00f3a \u0111\u00e0o t\u1ea1o v\u1ec1 lu\u1eadt, lu\u1eadt S\u1edf h\u1eefu Tr\u00ed tu\u1ec7 \u1edf n\u01b0\u1edbc ngo\u00e0i, hi\u1ec7n \u0111ang l\u00e0m vi\u1ec7c t\u1ea1i H\u00e0 N\u1ed9i v\u00e0 th\u00e0nh ph\u1ed1 H\u1ed3 Ch\u00ed Minh.<\/span><\/p>\n<p align=\"justify\"><span style=\"font-family: arial,helvetica,sans-serif;\">\u0110\u1ec3 thu\u1eadn ti\u1ec7n cho kh\u00e1ch h\u00e0ng c\u00f3 \u0111\u01b0\u1ee3c c\u00e1c th\u00f4ng tin c\u01a1 b\u1ea3n v\u1ec1 l\u0129nh v\u1ef1c s\u1edf h\u1eefu tr\u00ed tu\u1ec7, C\u00f4ng ty WINCO \u0111\u00e3 x\u00e2y d\u1ef1ng trang Web h\u01b0\u1edbng d\u1eabn v\u1ec1 lu\u1eadt S\u1edf h\u1eefu Tr\u00ed tu\u1ec7 c\u1ee7a Vi\u1ec7t Nam v\u00e0 c\u00e1c n\u01b0\u1edbc kh\u00e1c tr\u00ean th\u1ebf gi\u1edbi. \u0110\u1eb7c bi\u1ec7t l\u00e0 kh\u00e1ch h\u00e0ng c\u00f3 th\u1ec3 t\u1ef1 tra c\u1ee9u th\u00f4ng tin v\u1ec1 nh\u00e3n hi\u1ec7u, Ki\u1ec3u d\u00e1ng c\u00f4ng nghi\u1ec7p, S\u00e1ng ch\u1ebf, &#8230; \u0111\u00e3 \u0111\u01b0\u1ee3c b\u1ea3o h\u1ed9 \u1edf Vi\u1ec7t Nam v\u00e0 c\u00e1c n\u01b0\u1edbc kh\u00e1c tr\u00ean th\u1ebf gi\u1edbi trong trang Web n\u00e0y nh\u1eb1m gi\u00fap kh\u00e1ch h\u00e0ng c\u00f3 \u0111\u1ecbnh h\u01b0\u1edbng \u0111\u00fang tr\u01b0\u1edbc khi ra quy\u1ebft \u0111\u1ecbnh s\u1ea3n xu\u1ea5t, kinh doanh ho\u1eb7c n\u1ed9p \u0111\u01a1n \u0111\u0103ng k\u00fd b\u1ea3o h\u1ed9 c\u00e1c \u0111\u1ed1i t\u01b0\u1ee3ng s\u1edf h\u1eefu tr\u00ed tu\u1ec7 n\u00f3i tr\u00ean.<\/span><\/p>\n<p align=\"justify\"><span style=\"font-family: arial,helvetica,sans-serif;\"><strong> <img loading=\"lazy\" decoding=\"async\" class=\"wp-image-5479 aligncenter\" src=\"https:\/\/wincolaw.com.vn\/wp-content\/uploads\/2025\/12\/logo-winco-new.jpg\" alt=\"\" width=\"497\" height=\"127\" srcset=\"https:\/\/wincolaw.com.vn\/wp-content\/uploads\/2025\/12\/logo-winco-new.jpg 700w, https:\/\/wincolaw.com.vn\/wp-content\/uploads\/2025\/12\/logo-winco-new-300x77.jpg 300w\" sizes=\"auto, (max-width: 497px) 100vw, 497px\" \/><\/strong><\/span><\/p>\n<p align=\"justify\">\n","protected":false},"excerpt":{"rendered":"<p>C\u00f4ng ty Lu\u1eadt WINCO \u0111\u01b0\u1ee3c th\u00e0nh l\u1eadp theo Lu\u1eadt ph\u00e1p Vi\u1ec7t Nam, ho\u1ea1t \u0111\u1ed9ng theo Gi\u1ea5y ph\u00e9p s\u1ed1 01020509\/TP\/\u0110KH\u0110 do S\u1edf T\u01b0 Ph\u00e1p th\u00e0nh ph\u1ed1 H\u00e0 N\u1ed9i c\u1ea5p, Gi\u1ea5y ph\u00e9p h\u00e0nh ngh\u1ec1 s\u1ed1 222\/Q\u0110-PCQL c\u1ee7a C\u1ee5c tr\u01b0\u1edfng C\u1ee5c S\u1edf h\u1eefu C\u00f4ng nghi\u1ec7p (nay l\u00e0 C\u1ee5c S\u1edf h\u1eefu Tr\u00ed tu\u1ec7) &#8211; B\u1ed9 Khoa H\u1ecdc v\u00e0 C\u00f4ng [&hellip;]<\/p>\n","protected":false},"author":2,"featured_media":4570,"parent":2331,"menu_order":9,"comment_status":"closed","ping_status":"closed","template":"templates\/2-colums.php","meta":{"footnotes":"","_links_to":"","_links_to_target":""},"yst_prominent_words":[303,295,289,301,296,290,300,294,304,298,292,288,302,299,170,287,114,293,297,291],"class_list":["post-4364","page","type-page","status-publish","has-post-thumbnail","hentry"],"_links":{"self":[{"href":"https:\/\/wincolaw.com.vn\/vi\/wp-json\/wp\/v2\/pages\/4364","targetHints":{"allow":["GET"]}}],"collection":[{"href":"https:\/\/wincolaw.com.vn\/vi\/wp-json\/wp\/v2\/pages"}],"about":[{"href":"https:\/\/wincolaw.com.vn\/vi\/wp-json\/wp\/v2\/types\/page"}],"author":[{"embeddable":true,"href":"https:\/\/wincolaw.com.vn\/vi\/wp-json\/wp\/v2\/users\/2"}],"replies":[{"embeddable":true,"href":"https:\/\/wincolaw.com.vn\/vi\/wp-json\/wp\/v2\/comments?post=4364"}],"version-history":[{"count":4,"href":"https:\/\/wincolaw.com.vn\/vi\/wp-json\/wp\/v2\/pages\/4364\/revisions"}],"predecessor-version":[{"id":5482,"href":"https:\/\/wincolaw.com.vn\/vi\/wp-json\/wp\/v2\/pages\/4364\/revisions\/5482"}],"up":[{"embeddable":true,"href":"https:\/\/wincolaw.com.vn\/vi\/wp-json\/wp\/v2\/pages\/2331"}],"wp:featuredmedia":[{"embeddable":true,"href":"https:\/\/wincolaw.com.vn\/vi\/wp-json\/wp\/v2\/media\/4570"}],"wp:attachment":[{"href":"https:\/\/wincolaw.com.vn\/vi\/wp-json\/wp\/v2\/media?parent=4364"}],"wp:term":[{"taxonomy":"yst_prominent_words","embeddable":true,"href":"https:\/\/wincolaw.com.vn\/vi\/wp-json\/wp\/v2\/yst_prominent_words?post=4364"}],"curies":[{"name":"wp","href":"https:\/\/api.w.org\/{rel}","templated":true}]}}